{"id":6,"date":"2014-09-11T15:07:02","date_gmt":"2014-09-11T15:07:02","guid":{"rendered":"http:\/\/104.131.255.213\/specular\/business2\/?page_id=6"},"modified":"2016-02-18T11:04:05","modified_gmt":"2016-02-18T10:04:05","slug":"home","status":"publish","type":"page","link":"https:\/\/www.enacon-gmbh.com\/","title":{"rendered":"Home"},"content":{"rendered":"<p>[vc_row bg_color=&#8220;#004c99&#8243; top_padding=&#8220;40&#8243; bottom_padding=&#8220;40&#8243;][vc_column][vc_custom_heading text=&#8220;Herzlich <b>Willkommen<\/b> bei <b>Enacon GmbH<\/b> &#8211; Ingenieurb\u00fcro f\u00fcr Energie- und Anlagenconsulting&#8220; font_container=&#8220;tag:h2|font_size:28px|text_align:center|color:%23ffffff|line_height:40px&#8220; google_fonts=&#8220;font_family:Roboto%3A100%2C100italic%2C300%2C300italic%2Cregular%2Citalic%2C500%2C500italic%2C700%2C700italic%2C900%2C900italic|font_style:300%20light%20regular%3A300%3Anormal&#8220;][\/vc_column][\/vc_row][vc_row top_padding=&#8220;40&#8243; bottom_padding=&#8220;40&#8243;][vc_column width=&#8220;1\/3&#8243;][services_medium title=&#8220;Kernleistung&#8220; style=&#8220;style_3&#8243; icon=&#8220;steadysets-icon-star&#8220; icon_color=&#8220;#ff9900&#8243; circle_color=&#8220;#f5f5f5&#8243; border_color=&#8220;#e1e1e1&#8243;]Planung, Beratung und Bauleitung von Heizungs-, L\u00fcftungs-, Sanit\u00e4r- und K\u00e4lteanlagen[\/services_medium][\/vc_column][vc_column width=&#8220;1\/3&#8243;][services_medium title=&#8220;Unternehmen&#8220; style=&#8220;style_3&#8243; icon=&#8220;steadysets-icon-map-marker&#8220; icon_color=&#8220;#ff9900&#8243; circle_color=&#8220;#f5f5f5&#8243; border_color=&#8220;#e1e1e1&#8243;]Firmengr\u00fcndung erfolgte 2000. Umzug der Firma innerhalb Ludwigshafens<br \/>\nerfolgte 2015[\/services_medium][\/vc_column][vc_column width=&#8220;1\/3&#8243;][services_medium title=&#8220;Mitarbeiter&#8220; style=&#8220;style_3&#8243; icon=&#8220;steadysets-icon-user&#8220; icon_color=&#8220;#ff9900&#8243; circle_color=&#8220;#f5f5f5&#8243; border_color=&#8220;#e1e1e1&#8243;]Zur Zeit besch\u00e4ftigen wir bei Enacon GmbH &#8211; Ingenieurb\u00fcro f\u00fcr Energie- und Anlagenconsulting 7 Mitarbeiter.[\/services_medium][\/vc_column][\/vc_row][vc_row parallax=&#8220;content-moving-fade&#8220; type=&#8220;full_width_background&#8220; bg_image=&#8220;1105&#8243; parallax_bg=&#8220;true&#8220;][vc_column width=&#8220;1\/2&#8243;][vc_empty_space height=&#8220;200&#8243;][\/vc_column][vc_column width=&#8220;1\/2&#8243;][vc_column_text css=&#8220;.vc_custom_1455789812927{padding-top: 30px !important;padding-right: 30px !important;padding-bottom: 30px !important;padding-left: 30px !important;background-color: #f2f2f2 !important;}&#8220;]<\/p>\n<h4>Planung TGA<\/h4>\n<p>Wir sind ein modernes und innovatives Unternehmen. Unsere Kernkompetenz liegt in der Planung, Beratung und Bauleitung von Heizungs-, L\u00fcftungs-, Sanit\u00e4r- und K\u00e4lteanlagen. Die optimal auf die Anforderungen unserer Auftraggeber abgestimmte und energieeffiziente Anlagentechnik steht dabei f\u00fcr uns stets im Mittelpunkt.[\/vc_column_text][\/vc_column][\/vc_row][vc_row bg_color=&#8220;#f4f4f4&#8243; top_padding=&#8220;60&#8243; bottom_padding=&#8220;40&#8243;][vc_column width=&#8220;2\/3&#8243;][vc_column_text]<\/p>\n<p>Wir besitzen mehrj\u00e4hrige Erfahrung im Bereich kostenoptimierter und innovativer Planung in der Geb\u00e4udetechnik. Ob Gewerbe- oder Wohnungsbau, Verwaltungsgeb\u00e4ude oder Schulen, ob Neubauten, Umbauten bzw. Sanierungen in allen Gr\u00f6\u00dfenordnungen &#8211; vom Einfamilien-Wohnhaus bis zu mittleren und gr\u00f6\u00dferen Projekten wir sind mit Sicherheit Ihr Partner.<\/p>\n<p>Gegr\u00fcndet wurde unser Ingenieurb\u00fcro in Ludwigshafen im Jahr 2000 mit 2 Mitarbeitern. Die Zahl der Mitarbeiter w\u00e4chst seit Firmengr\u00fcndung stetig. Zur Zeit besch\u00e4ftigen wir 7 Mitarbeiter.[\/vc_column_text][\/vc_column][vc_column width=&#8220;1\/3&#8243;][vc_column_text]<\/p>\n<h4>Unsere St\u00e4rken<\/h4>\n<p>[\/vc_column_text][list icon=&#8220;moon-checkmark-circle-2&#8243;][list_item title=&#8220;Flexibilit\u00e4t&#8220;][list_item title=&#8220;Individuelle Beratung&#8220;][list_item title=&#8220;Kostenverantwortung&#8220;][\/list][\/vc_column][\/vc_row][vc_row top_padding=&#8220;40&#8243; bottom_padding=&#8220;40&#8243;][vc_column][block_title style=&#8220;column_title&#8220; inner_style=&#8220;inline_border&#8220; title=&#8220;Partnerschaften&#8220;][\/block_title][vc_row_inner][vc_column_inner width=&#8220;1\/3&#8243;][media link=&#8220;http:\/\/www.eor.de\/&#8220; image=&#8220;1052&#8243;][\/vc_column_inner][vc_column_inner width=&#8220;1\/3&#8243;][media link=&#8220;http:\/\/den-ev.de\/&#8220; image=&#8220;1051&#8243;][\/vc_column_inner][vc_column_inner width=&#8220;1\/3&#8243;][media image=&#8220;1067&#8243;][\/vc_column_inner][\/vc_row_inner][\/vc_column][\/vc_row][vc_row type=&#8220;full_width_background&#8220; bg_color=&#8220;base&#8220; text_color=&#8220;light&#8220; top_padding=&#8220;45&#8243; bottom_padding=&#8220;45&#8243;][vc_column width=&#8220;2\/3&#8243;][vc_custom_heading text=&#8220;<strong>Sie haben Fragen<\/strong> ?&#8220; font_container=&#8220;tag:h2|font_size:24px|text_align:left|color:%23ffffff|line_height:34px&#8220; google_fonts=&#8220;font_family:Roboto%3A100%2C100italic%2C300%2C300italic%2Cregular%2Citalic%2C500%2C500italic%2C700%2C700italic%2C900%2C900italic|font_style:300%20light%20regular%3A300%3Anormal&#8220;][separator width=&#8220;60px&#8220; height=&#8220;1px&#8220; color=&#8220;rgba(255,255,255,0.14)&#8220; margin_top=&#8220;-19px&#8220;][vc_empty_space height=&#8220;15px&#8220;][vc_column_text]Lernen Sie auch unseren freundlichen Service kennen und kontaktieren Sie uns jederzeit gern per Telefon, Email oder Kontaktformular f\u00fcr ein individuelles Angebot.[\/vc_column_text][\/vc_column][vc_column width=&#8220;1\/3&#8243;][vc_empty_space height=&#8220;20px&#8220;][media alignment=&#8220;center&#8220; image=&#8220;1082&#8243; width=&#8220;84&#8243;][\/vc_column][\/vc_row]<\/p>\n","protected":false},"excerpt":{"rendered":"<p>[vc_row bg_color=&#8220;#004c99&#8243; top_padding=&#8220;40&#8243; bottom_padding=&#8220;40&#8243;][vc_column][vc_custom_heading text=&#8220;Herzlich Willkommen bei Enacon GmbH &#8211; Ingenieurb\u00fcro f\u00fcr Energie- und Anlagenconsulting&#8220; font_container=&#8220;tag:h2|font_size:28px|text_align:center|color:%23ffffff|line_height:40px&#8220; google_fonts=&#8220;font_family:Roboto%3A100%2C100italic%2C300%2C300italic%2Cregular%2Citalic%2C500%2C500italic%2C700%2C700italic%2C900%2C900italic|font_style:300%20light%20regular%3A300%3Anormal&#8220;][\/vc_column][\/vc_row][vc_row top_padding=&#8220;40&#8243; bottom_padding=&#8220;40&#8243;][vc_column width=&#8220;1\/3&#8243;][services_medium title=&#8220;Kernleistung&#8220; style=&#8220;style_3&#8243; icon=&#8220;steadysets-icon-star&#8220; icon_color=&#8220;#ff9900&#8243; circle_color=&#8220;#f5f5f5&#8243; border_color=&#8220;#e1e1e1&#8243;]Planung, Beratung und Bauleitung von Heizungs-, L\u00fcftungs-, Sanit\u00e4r- und K\u00e4lteanlagen[\/services_medium][\/vc_column][vc_column width=&#8220;1\/3&#8243;][services_medium title=&#8220;Unternehmen&#8220; style=&#8220;style_3&#8243; icon=&#8220;steadysets-icon-map-marker&#8220; icon_color=&#8220;#ff9900&#8243; circle_color=&#8220;#f5f5f5&#8243; border_color=&#8220;#e1e1e1&#8243;]Firmengr\u00fcndung erfolgte 2000. Umzug der Firma innerhalb Ludwigshafens erfolgte 2015[\/services_medium][\/vc_column][vc_column width=&#8220;1\/3&#8243;][services_medium title=&#8220;Mitarbeiter&#8220; style=&#8220;style_3&#8243; icon=&#8220;steadysets-icon-user&#8220; [&hellip;]<\/p>\n","protected":false},"author":1,"featured_media":0,"parent":0,"menu_order":0,"comment_status":"open","ping_status":"open","template":"","meta":[],"_links":{"self":[{"href":"https:\/\/www.enacon-gmbh.com\/index.php?rest_route=\/wp\/v2\/pages\/6"}],"collection":[{"href":"https:\/\/www.enacon-gmbh.com\/index.php?rest_route=\/wp\/v2\/pages"}],"about":[{"href":"https:\/\/www.enacon-gmbh.com\/index.php?rest_route=\/wp\/v2\/types\/page"}],"author":[{"embeddable":true,"href":"https:\/\/www.enacon-gmbh.com\/index.php?rest_route=\/wp\/v2\/users\/1"}],"replies":[{"embeddable":true,"href":"https:\/\/www.enacon-gmbh.com\/index.php?rest_route=%2Fwp%2Fv2%2Fcomments&post=6"}],"version-history":[{"count":45,"href":"https:\/\/www.enacon-gmbh.com\/index.php?rest_route=\/wp\/v2\/pages\/6\/revisions"}],"predecessor-version":[{"id":1108,"href":"https:\/\/www.enacon-gmbh.com\/index.php?rest_route=\/wp\/v2\/pages\/6\/revisions\/1108"}],"wp:attachment":[{"href":"https:\/\/www.enacon-gmbh.com\/index.php?rest_route=%2Fwp%2Fv2%2Fmedia&parent=6"}],"curies":[{"name":"wp","href":"https:\/\/api.w.org\/{rel}","templated":true}]}}